{"id":1474,"date":"2024-10-11T21:14:11","date_gmt":"2024-10-11T21:14:11","guid":{"rendered":"https:\/\/katalejo.com\/?page_id=1474"},"modified":"2024-10-16T20:23:03","modified_gmt":"2024-10-16T20:23:03","slug":"catalogo","status":"publish","type":"page","link":"https:\/\/katalejo.com\/index.php\/catalogo\/","title":{"rendered":"Cat\u00e1logo"},"content":{"rendered":"\t\t<div data-elementor-type=\"wp-page\" data-elementor-id=\"1474\" class=\"elementor elementor-1474\">\n\t\t\t\t<div class=\"elementor-element elementor-element-1f16624 e-flex e-con-boxed e-con e-parent\" data-id=\"1f16624\" data-element_type=\"container\">\n\t\t\t\t\t<div class=\"e-con-inner\">\n\t\t\t\t<div class=\"elementor-element elementor-element-2b852aa elementor-widget elementor-widget-spacer\" data-id=\"2b852aa\" data-element_type=\"widget\" data-widget_type=\"spacer.default\">\n\t\t\t\t<div class=\"elementor-widget-container\">\n\t\t\t\t\t\t\t<div class=\"elementor-spacer\">\n\t\t\t<div class=\"elementor-spacer-inner\"><\/div>\n\t\t<\/div>\n\t\t\t\t\t\t<\/div>\n\t\t\t\t<\/div>\n\t\t\t\t\t<\/div>\n\t\t\t\t<\/div>\n\t\t<div class=\"elementor-element elementor-element-0f6737f e-flex e-con-boxed e-con e-parent\" data-id=\"0f6737f\" data-element_type=\"container\">\n\t\t\t\t\t<div class=\"e-con-inner\">\n\t\t\t\t<div class=\"elementor-element elementor-element-4b4f67f elementor-widget elementor-widget-heading\" data-id=\"4b4f67f\" data-element_type=\"widget\" data-widget_type=\"heading.default\">\n\t\t\t\t<div class=\"elementor-widget-container\">\n\t\t\t\t\t<h2 class=\"elementor-heading-title elementor-size-default\">Cat\u00e1logo 2023<\/h2>\t\t\t\t<\/div>\n\t\t\t\t<\/div>\n\t\t\t\t\t<\/div>\n\t\t\t\t<\/div>\n\t\t<div class=\"elementor-element elementor-element-d9c8b5f e-flex e-con-boxed e-con e-parent\" data-id=\"d9c8b5f\" data-element_type=\"container\">\n\t\t\t\t\t<div class=\"e-con-inner\">\n\t\t\t\t<div class=\"elementor-element elementor-element-f4a16c7 elementor-widget elementor-widget-spacer\" data-id=\"f4a16c7\" data-element_type=\"widget\" data-widget_type=\"spacer.default\">\n\t\t\t\t<div class=\"elementor-widget-container\">\n\t\t\t\t\t\t\t<div class=\"elementor-spacer\">\n\t\t\t<div class=\"elementor-spacer-inner\"><\/div>\n\t\t<\/div>\n\t\t\t\t\t\t<\/div>\n\t\t\t\t<\/div>\n\t\t\t\t<div class=\"elementor-element elementor-element-c5a8bab elementor-widget elementor-widget-shortcode\" data-id=\"c5a8bab\" data-element_type=\"widget\" data-widget_type=\"shortcode.default\">\n\t\t\t\t<div class=\"elementor-widget-container\">\n\t\t\t\t\t\t\t<div class=\"elementor-shortcode\"><div class=\"_df_book df-lite\" id=\"df_1487\"  _slug=\"catalogo-2023\" data-title=\"catalogo-2023\" wpoptions=\"true\" thumb=\"https:\/\/katalejo.com\/wp-content\/uploads\/2024\/10\/PortadaCatalogo_01.jpg\" thumbtype=\"\" ><\/div><script class=\"df-shortcode-script\" nowprocket type=\"application\/javascript\">window.option_df_1487 = {\"outline\":[],\"viewerType\":\"flipbook\",\"autoEnableOutline\":\"false\",\"autoEnableThumbnail\":\"false\",\"overwritePDFOutline\":\"false\",\"enableDownload\":\"true\",\"direction\":\"1\",\"pageSize\":\"0\",\"controlsPosition\":\"top\",\"source\":\"https:\\\/\\\/katalejo.com\\\/wp-content\\\/uploads\\\/2024\\\/10\\\/catalogo-envases-2023.pdf\",\"wpOptions\":\"true\"}; if(window.DFLIP && window.DFLIP.parseBooks){window.DFLIP.parseBooks();}<\/script><\/div>\n\t\t\t\t\t\t<\/div>\n\t\t\t\t<\/div>\n\t\t\t\t\t<\/div>\n\t\t\t\t<\/div>\n\t\t<div class=\"elementor-element elementor-element-5f0d2e2 e-flex e-con-boxed e-con e-parent\" data-id=\"5f0d2e2\" data-element_type=\"container\">\n\t\t\t\t\t<div class=\"e-con-inner\">\n\t\t\t\t<div class=\"elementor-element elementor-element-6524fb6 elementor-align-center elementor-widget elementor-widget-button\" data-id=\"6524fb6\" data-element_type=\"widget\" data-widget_type=\"button.default\">\n\t\t\t\t<div class=\"elementor-widget-container\">\n\t\t\t\t\t\t\t\t\t<div class=\"elementor-button-wrapper\">\n\t\t\t\t\t<a class=\"elementor-button elementor-button-link elementor-size-sm\" href=\"#\" id=\"Descarga\">\n\t\t\t\t\t\t<span class=\"elementor-button-content-wrapper\">\n\t\t\t\t\t\t\t\t\t<span class=\"elementor-button-text\">Descargar PDF<\/span>\n\t\t\t\t\t<\/span>\n\t\t\t\t\t<\/a>\n\t\t\t\t<\/div>\n\t\t\t\t\t\t\t\t<\/div>\n\t\t\t\t<\/div>\n\t\t\t\t\t<\/div>\n\t\t\t\t<\/div>\n\t\t<div class=\"elementor-element elementor-element-005f807 e-flex e-con-boxed e-con e-parent\" data-id=\"005f807\" data-element_type=\"container\">\n\t\t\t\t\t<div class=\"e-con-inner\">\n\t\t\t\t\t<\/div>\n\t\t\t\t<\/div>\n\t\t\t\t<\/div>\n\t\t","protected":false},"excerpt":{"rendered":"<p>Cat\u00e1logo 2023 Descargar PDF<\/p>\n","protected":false},"author":1,"featured_media":0,"parent":0,"menu_order":0,"comment_status":"closed","ping_status":"closed","template":"","meta":{"footnotes":""},"class_list":["post-1474","page","type-page","status-publish","hentry"],"yoast_head":"<!-- This site is optimized with the Yoast SEO plugin v24.8.1 - https:\/\/yoast.com\/wordpress\/plugins\/seo\/ -->\n<title>Cat\u00e1logo - Grupo Envases La Econ\u00f3mica<\/title>\n<meta name=\"robots\" content=\"index, follow, max-snippet:-1, max-image-preview:large, max-video-preview:-1\" \/>\n<link rel=\"canonical\" href=\"https:\/\/katalejo.com\/index.php\/catalogo\/\" \/>\n<meta property=\"og:locale\" content=\"es_MX\" \/>\n<meta property=\"og:type\" content=\"article\" \/>\n<meta property=\"og:title\" content=\"Cat\u00e1logo - Grupo Envases La Econ\u00f3mica\" \/>\n<meta property=\"og:description\" content=\"Cat\u00e1logo 2023 Descargar PDF\" \/>\n<meta property=\"og:url\" content=\"https:\/\/katalejo.com\/index.php\/catalogo\/\" \/>\n<meta property=\"og:site_name\" content=\"Grupo Envases La Econ\u00f3mica\" \/>\n<meta property=\"article:modified_time\" content=\"2024-10-16T20:23:03+00:00\" \/>\n<meta name=\"twitter:card\" content=\"summary_large_image\" \/>\n<meta name=\"twitter:label1\" content=\"Tiempo de lectura\" \/>\n\t<meta name=\"twitter:data1\" content=\"1 minuto\" \/>\n<script type=\"application\/ld+json\" class=\"yoast-schema-graph\">{\"@context\":\"https:\/\/schema.org\",\"@graph\":[{\"@type\":\"WebPage\",\"@id\":\"https:\/\/katalejo.com\/index.php\/catalogo\/\",\"url\":\"https:\/\/katalejo.com\/index.php\/catalogo\/\",\"name\":\"Cat\u00e1logo - Grupo Envases La Econ\u00f3mica\",\"isPartOf\":{\"@id\":\"https:\/\/www.katalejo.com\/#website\"},\"datePublished\":\"2024-10-11T21:14:11+00:00\",\"dateModified\":\"2024-10-16T20:23:03+00:00\",\"breadcrumb\":{\"@id\":\"https:\/\/katalejo.com\/index.php\/catalogo\/#breadcrumb\"},\"inLanguage\":\"es\",\"potentialAction\":[{\"@type\":\"ReadAction\",\"target\":[\"https:\/\/katalejo.com\/index.php\/catalogo\/\"]}]},{\"@type\":\"BreadcrumbList\",\"@id\":\"https:\/\/katalejo.com\/index.php\/catalogo\/#breadcrumb\",\"itemListElement\":[{\"@type\":\"ListItem\",\"position\":1,\"name\":\"Home\",\"item\":\"https:\/\/katalejo.com\/\"},{\"@type\":\"ListItem\",\"position\":2,\"name\":\"Cat\u00e1logo\"}]},{\"@type\":\"WebSite\",\"@id\":\"https:\/\/www.katalejo.com\/#website\",\"url\":\"https:\/\/www.katalejo.com\/\",\"name\":\"Grupo Envases La Econ\u00f3mica\",\"description\":\"Fabricaci\u00f3n y comercializaci\u00f3n de envases pl\u00e1sticos\",\"potentialAction\":[{\"@type\":\"SearchAction\",\"target\":{\"@type\":\"EntryPoint\",\"urlTemplate\":\"https:\/\/www.katalejo.com\/?s={search_term_string}\"},\"query-input\":{\"@type\":\"PropertyValueSpecification\",\"valueRequired\":true,\"valueName\":\"search_term_string\"}}],\"inLanguage\":\"es\"}]}<\/script>\n<!-- \/ Yoast SEO plugin. -->","yoast_head_json":{"title":"Cat\u00e1logo - Grupo Envases La Econ\u00f3mica","robots":{"index":"index","follow":"follow","max-snippet":"max-snippet:-1","max-image-preview":"max-image-preview:large","max-video-preview":"max-video-preview:-1"},"canonical":"https:\/\/katalejo.com\/index.php\/catalogo\/","og_locale":"es_MX","og_type":"article","og_title":"Cat\u00e1logo - Grupo Envases La Econ\u00f3mica","og_description":"Cat\u00e1logo 2023 Descargar PDF","og_url":"https:\/\/katalejo.com\/index.php\/catalogo\/","og_site_name":"Grupo Envases La Econ\u00f3mica","article_modified_time":"2024-10-16T20:23:03+00:00","twitter_card":"summary_large_image","twitter_misc":{"Tiempo de lectura":"1 minuto"},"schema":{"@context":"https:\/\/schema.org","@graph":[{"@type":"WebPage","@id":"https:\/\/katalejo.com\/index.php\/catalogo\/","url":"https:\/\/katalejo.com\/index.php\/catalogo\/","name":"Cat\u00e1logo - Grupo Envases La Econ\u00f3mica","isPartOf":{"@id":"https:\/\/www.katalejo.com\/#website"},"datePublished":"2024-10-11T21:14:11+00:00","dateModified":"2024-10-16T20:23:03+00:00","breadcrumb":{"@id":"https:\/\/katalejo.com\/index.php\/catalogo\/#breadcrumb"},"inLanguage":"es","potentialAction":[{"@type":"ReadAction","target":["https:\/\/katalejo.com\/index.php\/catalogo\/"]}]},{"@type":"BreadcrumbList","@id":"https:\/\/katalejo.com\/index.php\/catalogo\/#breadcrumb","itemListElement":[{"@type":"ListItem","position":1,"name":"Home","item":"https:\/\/katalejo.com\/"},{"@type":"ListItem","position":2,"name":"Cat\u00e1logo"}]},{"@type":"WebSite","@id":"https:\/\/www.katalejo.com\/#website","url":"https:\/\/www.katalejo.com\/","name":"Grupo Envases La Econ\u00f3mica","description":"Fabricaci\u00f3n y comercializaci\u00f3n de envases pl\u00e1sticos","potentialAction":[{"@type":"SearchAction","target":{"@type":"EntryPoint","urlTemplate":"https:\/\/www.katalejo.com\/?s={search_term_string}"},"query-input":{"@type":"PropertyValueSpecification","valueRequired":true,"valueName":"search_term_string"}}],"inLanguage":"es"}]}},"_links":{"self":[{"href":"https:\/\/katalejo.com\/index.php\/wp-json\/wp\/v2\/pages\/1474","targetHints":{"allow":["GET"]}}],"collection":[{"href":"https:\/\/katalejo.com\/index.php\/wp-json\/wp\/v2\/pages"}],"about":[{"href":"https:\/\/katalejo.com\/index.php\/wp-json\/wp\/v2\/types\/page"}],"author":[{"embeddable":true,"href":"https:\/\/katalejo.com\/index.php\/wp-json\/wp\/v2\/users\/1"}],"replies":[{"embeddable":true,"href":"https:\/\/katalejo.com\/index.php\/wp-json\/wp\/v2\/comments?post=1474"}],"version-history":[{"count":27,"href":"https:\/\/katalejo.com\/index.php\/wp-json\/wp\/v2\/pages\/1474\/revisions"}],"predecessor-version":[{"id":2479,"href":"https:\/\/katalejo.com\/index.php\/wp-json\/wp\/v2\/pages\/1474\/revisions\/2479"}],"wp:attachment":[{"href":"https:\/\/katalejo.com\/index.php\/wp-json\/wp\/v2\/media?parent=1474"}],"curies":[{"name":"wp","href":"https:\/\/api.w.org\/{rel}","templated":true}]}}