{"id":1236,"date":"2023-12-26T14:56:00","date_gmt":"2023-12-26T14:56:00","guid":{"rendered":"https:\/\/plastheme.webmasterpd.com\/?page_id=3"},"modified":"2026-01-04T23:00:10","modified_gmt":"2026-01-04T23:00:10","slug":"politica-privacidad","status":"publish","type":"page","link":"https:\/\/katalejo.com\/index.php\/politica-privacidad\/","title":{"rendered":"Pol\u00edtica de privacidad"},"content":{"rendered":"\t\t<div data-elementor-type=\"wp-page\" data-elementor-id=\"1236\" class=\"elementor elementor-1236\">\n\t\t\t\t<div class=\"elementor-element elementor-element-141a1b74 e-flex e-con-boxed e-con e-parent\" data-id=\"141a1b74\" data-element_type=\"container\" data-e-type=\"container\">\n\t\t\t\t\t<div class=\"e-con-inner\">\n\t\t\t\t<div class=\"elementor-element elementor-element-54670875 elementor-widget elementor-widget-text-editor\" data-id=\"54670875\" data-element_type=\"widget\" data-e-type=\"widget\" data-widget_type=\"text-editor.default\">\n\t\t\t\t<div class=\"elementor-widget-container\">\n\t\t\t\t\t\t\t\t\t<p><\/p>\n<h2 class=\"wp-block-heading\">Quienes somos<\/h2>\n<p><\/p>\n<p>Somos un grupo de empresas que nos especializamos en la comercializaci\u00f3n de envases pl\u00e1sticos, fabricamos algunos productos con altos est\u00e1ndares de calidad para la industria alimenticia, farmac\u00e9utica, entre otros.<\/p>\n<p><\/p>\n<h2 class=\"wp-block-heading\">Comentarios<\/h2>\n<p><\/p>\n<p>Si el visitante decide suscribirse a nuestro bolet\u00edn, se registrar\u00e1 el correo electr\u00f3nico que el mismo nos proporcione, si embargo no pedimos el nombre o alg\u00fan otra informaci\u00f3n. El \u00fanico fin de solicitar el correo electr\u00f3nico es para hacerle llegar nuestro bolet\u00edn y en caso de que el visitante seleccione\u00a0 expl\u00edcitamente que desea recibir informaci\u00f3n comercial sobre nuestros productos, entonces usaremos ese correo electr\u00f3nico para hacerle llegar nuestra informaci\u00f3n.<\/p>\n<p>En ning\u00fan caso registramos la direcci\u00f3n IP del visitante o el tipo de navegador que utiliza el usuario.<\/p>\n<p><\/p>\n<p>Si quieres contactarnos para cualquier queja o sugerencia, podr\u00e1s hacerlo directamente a los tel\u00e9fonos o correos de contacto de cada empresa del Grupo. Recuerda que para nosotros \u00a1Servirle es un placer siempre!<\/p>\n<p><\/p>\n<h2 class=\"wp-block-heading\">Media<\/h2>\n<p><\/p>\n<p>Todas las im\u00e1genes de nuestro sitio est\u00e1n protegidas por derechos de autor y si realizas la descarga de cualquiera de ellas sin nuestro consentimiento por escrito, estar\u00e1s incurriendo en un delito que podr\u00eda tener consecuencias legales.<\/p>\n<p><\/p>\n<h2 class=\"wp-block-heading\">Cookies<\/h2>\n<p><\/p>\n<p>Nuestro sitio web utiliza cookies temporales para determinar donde se almacena el navegador que utilizas, as\u00ed como la IP desde donde te conectas, todo con la finalidad de mejorar tu experiencia de navegaci\u00f3n. Esta cookie no contiene datos personales y se elimina al cerrar el navegador.<\/p>\n<p><\/p>\n<h2 class=\"wp-block-heading\">Registro de datos<\/h2>\n<p><\/p>\n<p>Este sitio web no registra datos de inicios de sesi\u00f3n pero si decides visitar las tiendas virtuales, en ellas encontrar\u00e1s las pol\u00edticas de privacidad que aplican en cada caso.<\/p>\n<p><\/p>\t\t\t\t\t\t\t\t<\/div>\n\t\t\t\t<\/div>\n\t\t\t\t\t<\/div>\n\t\t\t\t<\/div>\n\t\t\t\t<\/div>\n\t\t","protected":false},"excerpt":{"rendered":"<p>Quienes somos Somos un grupo de empresas que nos especializamos en la comercializaci\u00f3n de envases pl\u00e1sticos, fabricamos algunos productos con altos est\u00e1ndares de calidad para la industria alimenticia, farmac\u00e9utica, entre otros. Comentarios Si el visitante decide suscribirse a nuestro bolet\u00edn, se registrar\u00e1 el correo electr\u00f3nico que el mismo nos proporcione,&#8230; <a class=\"read-more\" href=\"https:\/\/katalejo.com\/index.php\/politica-privacidad\/\">Read More<\/a><\/p>\n","protected":false},"author":1,"featured_media":0,"parent":0,"menu_order":0,"comment_status":"closed","ping_status":"closed","template":"","meta":{"footnotes":""},"class_list":["post-1236","page","type-page","status-publish","hentry"],"yoast_head":"<!-- This site is optimized with the Yoast SEO plugin v24.8.1 - https:\/\/yoast.com\/wordpress\/plugins\/seo\/ -->\n<title>Pol\u00edtica de privacidad - Grupo Envases La Econ\u00f3mica<\/title>\n<meta name=\"robots\" content=\"index, follow, max-snippet:-1, max-image-preview:large, max-video-preview:-1\" \/>\n<link rel=\"canonical\" href=\"https:\/\/katalejo.com\/index.php\/politica-privacidad\/\" \/>\n<meta property=\"og:locale\" content=\"es_MX\" \/>\n<meta property=\"og:type\" content=\"article\" \/>\n<meta property=\"og:title\" content=\"Pol\u00edtica de privacidad - Grupo Envases La Econ\u00f3mica\" \/>\n<meta property=\"og:description\" content=\"Quienes somos Somos un grupo de empresas que nos especializamos en la comercializaci\u00f3n de envases pl\u00e1sticos, fabricamos algunos productos con altos est\u00e1ndares de calidad para la industria alimenticia, farmac\u00e9utica, entre otros. Comentarios Si el visitante decide suscribirse a nuestro bolet\u00edn, se registrar\u00e1 el correo electr\u00f3nico que el mismo nos proporcione,... Read More\" \/>\n<meta property=\"og:url\" content=\"https:\/\/katalejo.com\/index.php\/politica-privacidad\/\" \/>\n<meta property=\"og:site_name\" content=\"Grupo Envases La Econ\u00f3mica\" \/>\n<meta property=\"article:modified_time\" content=\"2026-01-04T23:00:10+00:00\" \/>\n<meta name=\"twitter:card\" content=\"summary_large_image\" \/>\n<meta name=\"twitter:label1\" content=\"Tiempo de lectura\" \/>\n\t<meta name=\"twitter:data1\" content=\"2 minutos\" \/>\n<script type=\"application\/ld+json\" class=\"yoast-schema-graph\">{\"@context\":\"https:\/\/schema.org\",\"@graph\":[{\"@type\":\"WebPage\",\"@id\":\"https:\/\/katalejo.com\/index.php\/politica-privacidad\/\",\"url\":\"https:\/\/katalejo.com\/index.php\/politica-privacidad\/\",\"name\":\"Pol\u00edtica de privacidad - Grupo Envases La Econ\u00f3mica\",\"isPartOf\":{\"@id\":\"https:\/\/www.katalejo.com\/#website\"},\"datePublished\":\"2023-12-26T14:56:00+00:00\",\"dateModified\":\"2026-01-04T23:00:10+00:00\",\"breadcrumb\":{\"@id\":\"https:\/\/katalejo.com\/index.php\/politica-privacidad\/#breadcrumb\"},\"inLanguage\":\"es\",\"potentialAction\":[{\"@type\":\"ReadAction\",\"target\":[\"https:\/\/katalejo.com\/index.php\/politica-privacidad\/\"]}]},{\"@type\":\"BreadcrumbList\",\"@id\":\"https:\/\/katalejo.com\/index.php\/politica-privacidad\/#breadcrumb\",\"itemListElement\":[{\"@type\":\"ListItem\",\"position\":1,\"name\":\"Home\",\"item\":\"https:\/\/katalejo.com\/\"},{\"@type\":\"ListItem\",\"position\":2,\"name\":\"Pol\u00edtica de privacidad\"}]},{\"@type\":\"WebSite\",\"@id\":\"https:\/\/www.katalejo.com\/#website\",\"url\":\"https:\/\/www.katalejo.com\/\",\"name\":\"Grupo Envases La Econ\u00f3mica\",\"description\":\"Fabricaci\u00f3n y comercializaci\u00f3n de envases pl\u00e1sticos\",\"potentialAction\":[{\"@type\":\"SearchAction\",\"target\":{\"@type\":\"EntryPoint\",\"urlTemplate\":\"https:\/\/www.katalejo.com\/?s={search_term_string}\"},\"query-input\":{\"@type\":\"PropertyValueSpecification\",\"valueRequired\":true,\"valueName\":\"search_term_string\"}}],\"inLanguage\":\"es\"}]}<\/script>\n<!-- \/ Yoast SEO plugin. -->","yoast_head_json":{"title":"Pol\u00edtica de privacidad - Grupo Envases La Econ\u00f3mica","robots":{"index":"index","follow":"follow","max-snippet":"max-snippet:-1","max-image-preview":"max-image-preview:large","max-video-preview":"max-video-preview:-1"},"canonical":"https:\/\/katalejo.com\/index.php\/politica-privacidad\/","og_locale":"es_MX","og_type":"article","og_title":"Pol\u00edtica de privacidad - Grupo Envases La Econ\u00f3mica","og_description":"Quienes somos Somos un grupo de empresas que nos especializamos en la comercializaci\u00f3n de envases pl\u00e1sticos, fabricamos algunos productos con altos est\u00e1ndares de calidad para la industria alimenticia, farmac\u00e9utica, entre otros. Comentarios Si el visitante decide suscribirse a nuestro bolet\u00edn, se registrar\u00e1 el correo electr\u00f3nico que el mismo nos proporcione,... Read More","og_url":"https:\/\/katalejo.com\/index.php\/politica-privacidad\/","og_site_name":"Grupo Envases La Econ\u00f3mica","article_modified_time":"2026-01-04T23:00:10+00:00","twitter_card":"summary_large_image","twitter_misc":{"Tiempo de lectura":"2 minutos"},"schema":{"@context":"https:\/\/schema.org","@graph":[{"@type":"WebPage","@id":"https:\/\/katalejo.com\/index.php\/politica-privacidad\/","url":"https:\/\/katalejo.com\/index.php\/politica-privacidad\/","name":"Pol\u00edtica de privacidad - Grupo Envases La Econ\u00f3mica","isPartOf":{"@id":"https:\/\/www.katalejo.com\/#website"},"datePublished":"2023-12-26T14:56:00+00:00","dateModified":"2026-01-04T23:00:10+00:00","breadcrumb":{"@id":"https:\/\/katalejo.com\/index.php\/politica-privacidad\/#breadcrumb"},"inLanguage":"es","potentialAction":[{"@type":"ReadAction","target":["https:\/\/katalejo.com\/index.php\/politica-privacidad\/"]}]},{"@type":"BreadcrumbList","@id":"https:\/\/katalejo.com\/index.php\/politica-privacidad\/#breadcrumb","itemListElement":[{"@type":"ListItem","position":1,"name":"Home","item":"https:\/\/katalejo.com\/"},{"@type":"ListItem","position":2,"name":"Pol\u00edtica de privacidad"}]},{"@type":"WebSite","@id":"https:\/\/www.katalejo.com\/#website","url":"https:\/\/www.katalejo.com\/","name":"Grupo Envases La Econ\u00f3mica","description":"Fabricaci\u00f3n y comercializaci\u00f3n de envases pl\u00e1sticos","potentialAction":[{"@type":"SearchAction","target":{"@type":"EntryPoint","urlTemplate":"https:\/\/www.katalejo.com\/?s={search_term_string}"},"query-input":{"@type":"PropertyValueSpecification","valueRequired":true,"valueName":"search_term_string"}}],"inLanguage":"es"}]}},"_links":{"self":[{"href":"https:\/\/katalejo.com\/index.php\/wp-json\/wp\/v2\/pages\/1236","targetHints":{"allow":["GET"]}}],"collection":[{"href":"https:\/\/katalejo.com\/index.php\/wp-json\/wp\/v2\/pages"}],"about":[{"href":"https:\/\/katalejo.com\/index.php\/wp-json\/wp\/v2\/types\/page"}],"author":[{"embeddable":true,"href":"https:\/\/katalejo.com\/index.php\/wp-json\/wp\/v2\/users\/1"}],"replies":[{"embeddable":true,"href":"https:\/\/katalejo.com\/index.php\/wp-json\/wp\/v2\/comments?post=1236"}],"version-history":[{"count":13,"href":"https:\/\/katalejo.com\/index.php\/wp-json\/wp\/v2\/pages\/1236\/revisions"}],"predecessor-version":[{"id":3168,"href":"https:\/\/katalejo.com\/index.php\/wp-json\/wp\/v2\/pages\/1236\/revisions\/3168"}],"wp:attachment":[{"href":"https:\/\/katalejo.com\/index.php\/wp-json\/wp\/v2\/media?parent=1236"}],"curies":[{"name":"wp","href":"https:\/\/api.w.org\/{rel}","templated":true}]}}