{"id":1097,"date":"2024-02-25T17:24:23","date_gmt":"2024-02-25T17:24:23","guid":{"rendered":"https:\/\/plastheme.webmasterpd.com\/?page_id=1097"},"modified":"2024-02-25T17:24:23","modified_gmt":"2024-02-25T17:24:23","slug":"contact-us","status":"publish","type":"page","link":"https:\/\/katalejo.com\/index.php\/contact-us\/","title":{"rendered":"Contact Us"},"content":{"rendered":"\t\t<div data-elementor-type=\"wp-page\" data-elementor-id=\"1097\" class=\"elementor elementor-1097\">\n\t\t\t\t<div class=\"elementor-element elementor-element-0f637ac e-con-full e-flex e-con e-parent\" data-id=\"0f637ac\" data-element_type=\"container\">\n\t\t\t\t<div class=\"elementor-element elementor-element-83b482c elementor-widget elementor-widget-banner\" data-id=\"83b482c\" data-element_type=\"widget\" data-widget_type=\"banner.default\">\n\t\t\t\t<div class=\"elementor-widget-container\">\n\t\t\t\t\t\t\t<div id=\"top-banner\" style=\"background-image: url(https:\/\/katalejo.com\/wp-content\/uploads\/2024\/01\/Top-banner.jpg);\">\r\n\t\t\t\t\t\t<div id=\"top-banner-overflow\"><\/div>\r\n\t\t\t\t\t\t<div class=\"container\">\r\n\t\t\t\t<div class=\"row\">\r\n\t\t\t\t\t<div class=\"col-12\">\r\n\t\t\t\t\t\t<div class=\"breadcrumbs\"><span><span><a href=\"https:\/\/katalejo.com\/\">Home<\/a><\/span><\/span><\/div>\t\t\t\t\t\t<h1>Contact Us<\/h1>\r\n\t\t\t\t\t<\/div>\r\n\t\t\t\t<\/div>\r\n\t\t\t<\/div>\r\n\t\t<\/div>\r\n\t\t\t\t\t\t<\/div>\n\t\t\t\t<\/div>\n\t\t\t\t<\/div>\n\t\t<div class=\"elementor-element elementor-element-1da285e e-flex e-con-boxed e-con e-parent\" data-id=\"1da285e\" data-element_type=\"container\" data-settings=\"{&quot;background_background&quot;:&quot;classic&quot;}\">\n\t\t\t\t\t<div class=\"e-con-inner\">\n\t\t\t\t<div class=\"elementor-element elementor-element-3b70600 elementor-widget elementor-widget-contact-area\" data-id=\"3b70600\" data-element_type=\"widget\" data-widget_type=\"contact-area.default\">\n\t\t\t\t<div class=\"elementor-widget-container\">\n\t\t\t\t\t<div class=\"pt_contact_area\"><div class=\"container\"><div class=\"row\"><div class=\"col-lg-5 info-box-area\">\r\n\t\t\t\t\t\t\t<div class=\"row\"><div class=\"elementor-repeater-item-3066453 info-box-item col-sm-6\">\r\n\t\t\t\t\t\t\t\t\t\t<div class=\"info-box-container\"><div class=\"info-box-icon\"><svg aria-hidden=\"true\" class=\"e-font-icon-svg e-fas-map-marker-alt\" viewBox=\"0 0 384 512\" xmlns=\"http:\/\/www.w3.org\/2000\/svg\"><path d=\"M172.268 501.67C26.97 291.031 0 269.413 0 192 0 85.961 85.961 0 192 0s192 85.961 192 192c0 77.413-26.97 99.031-172.268 309.67-9.535 13.774-29.93 13.773-39.464 0zM192 272c44.183 0 80-35.817 80-80s-35.817-80-80-80-80 35.817-80 80 35.817 80 80 80z\"><\/path><\/svg><\/div><h3 class=\"info-box-title\">Our office<\/h3><p class=\"info-box-description\">7759 15th Ave NW<\/p><\/div>\r\n\t\t\t\t\t\t\t\t\t<\/div><div class=\"elementor-repeater-item-06ac801 info-box-item col-sm-6\">\r\n\t\t\t\t\t\t\t\t\t\t<div class=\"info-box-container\"><div class=\"info-box-icon\"><svg aria-hidden=\"true\" class=\"e-font-icon-svg e-fas-phone-alt\" viewBox=\"0 0 512 512\" xmlns=\"http:\/\/www.w3.org\/2000\/svg\"><path d=\"M497.39 361.8l-112-48a24 24 0 0 0-28 6.9l-49.6 60.6A370.66 370.66 0 0 1 130.6 204.11l60.6-49.6a23.94 23.94 0 0 0 6.9-28l-48-112A24.16 24.16 0 0 0 122.6.61l-104 24A24 24 0 0 0 0 48c0 256.5 207.9 464 464 464a24 24 0 0 0 23.4-18.6l24-104a24.29 24.29 0 0 0-14.01-27.6z\"><\/path><\/svg><\/div><h3 class=\"info-box-title\">Phone number<\/h3><p class=\"info-box-description\">012-3456-789<\/p><\/div>\r\n\t\t\t\t\t\t\t\t\t<\/div><div class=\"elementor-repeater-item-6b2180b info-box-item col-sm-6\">\r\n\t\t\t\t\t\t\t\t\t\t<div class=\"info-box-container\"><div class=\"info-box-icon\"><svg aria-hidden=\"true\" class=\"e-font-icon-svg e-fas-envelope\" viewBox=\"0 0 512 512\" xmlns=\"http:\/\/www.w3.org\/2000\/svg\"><path d=\"M502.3 190.8c3.9-3.1 9.7-.2 9.7 4.7V400c0 26.5-21.5 48-48 48H48c-26.5 0-48-21.5-48-48V195.6c0-5 5.7-7.8 9.7-4.7 22.4 17.4 52.1 39.5 154.1 113.6 21.1 15.4 56.7 47.8 92.2 47.6 35.7.3 72-32.8 92.3-47.6 102-74.1 131.6-96.3 154-113.7zM256 320c23.2.4 56.6-29.2 73.4-41.4 132.7-96.3 142.8-104.7 173.4-128.7 5.8-4.5 9.2-11.5 9.2-18.9v-19c0-26.5-21.5-48-48-48H48C21.5 64 0 85.5 0 112v19c0 7.4 3.4 14.3 9.2 18.9 30.6 23.9 40.7 32.4 173.4 128.7 16.8 12.2 50.2 41.8 73.4 41.4z\"><\/path><\/svg><\/div><h3 class=\"info-box-title\">Email<\/h3><p class=\"info-box-description\">info@plastheme.com<\/p><\/div>\r\n\t\t\t\t\t\t\t\t\t<\/div><div class=\"elementor-repeater-item-ed71e70 info-box-item col-sm-6\">\r\n\t\t\t\t\t\t\t\t\t\t<div class=\"info-box-container\"><div class=\"info-box-icon\"><svg aria-hidden=\"true\" class=\"e-font-icon-svg e-fas-fax\" viewBox=\"0 0 512 512\" xmlns=\"http:\/\/www.w3.org\/2000\/svg\"><path d=\"M480 160V77.25a32 32 0 0 0-9.38-22.63L425.37 9.37A32 32 0 0 0 402.75 0H160a32 32 0 0 0-32 32v448a32 32 0 0 0 32 32h320a32 32 0 0 0 32-32V192a32 32 0 0 0-32-32zM288 432a16 16 0 0 1-16 16h-32a16 16 0 0 1-16-16v-32a16 16 0 0 1 16-16h32a16 16 0 0 1 16 16zm0-128a16 16 0 0 1-16 16h-32a16 16 0 0 1-16-16v-32a16 16 0 0 1 16-16h32a16 16 0 0 1 16 16zm128 128a16 16 0 0 1-16 16h-32a16 16 0 0 1-16-16v-32a16 16 0 0 1 16-16h32a16 16 0 0 1 16 16zm0-128a16 16 0 0 1-16 16h-32a16 16 0 0 1-16-16v-32a16 16 0 0 1 16-16h32a16 16 0 0 1 16 16zm0-112H192V64h160v48a16 16 0 0 0 16 16h48zM64 128H32a32 32 0 0 0-32 32v320a32 32 0 0 0 32 32h32a32 32 0 0 0 32-32V160a32 32 0 0 0-32-32z\"><\/path><\/svg><\/div><h3 class=\"info-box-title\">Fax<\/h3><p class=\"info-box-description\">012-3456-789<\/p><\/div>\r\n\t\t\t\t\t\t\t\t\t<\/div><\/div>\r\n\t\t\t\t\t\t<\/div><div class=\"col-lg-7 contact-form-area\"><div class=\"contact-form-area-background\"><\/div><div class=\"contact-form-container\"><h2 class=\"contact-form-container-title\">Contact Us<\/h2><p class=\"contact-form-container-content\">Lorem ipsum dolor sit amet, consectetur adipiscing elit, sed do eiusmod tempor incididunt ut labore et dolore magna aliqua.<\/p><p class=\"wpcf7-contact-form-not-found\"><strong>Error:<\/strong> No se encontr\u00f3 ning\u00fan formulario de contacto.<\/p><\/div><\/div><\/div><\/div><\/div>\t\t\t\t<\/div>\n\t\t\t\t<\/div>\n\t\t\t\t\t<\/div>\n\t\t\t\t<\/div>\n\t\t<div class=\"elementor-element elementor-element-43021b3 e-con-full e-flex e-con e-parent\" data-id=\"43021b3\" data-element_type=\"container\">\n\t\t\t\t<div class=\"elementor-element elementor-element-71d6c7a elementor-widget elementor-widget-google_maps\" data-id=\"71d6c7a\" data-element_type=\"widget\" data-widget_type=\"google_maps.default\">\n\t\t\t\t<div class=\"elementor-widget-container\">\n\t\t\t\t\t\t\t<div class=\"elementor-custom-embed\">\n\t\t\t<iframe loading=\"lazy\"\n\t\t\t\t\tsrc=\"https:\/\/maps.google.com\/maps?q=London%20Eye%2C%20London%2C%20United%20Kingdom&#038;t=m&#038;z=10&#038;output=embed&#038;iwloc=near\"\n\t\t\t\t\ttitle=\"London Eye, London, United Kingdom\"\n\t\t\t\t\taria-label=\"London Eye, London, United Kingdom\"\n\t\t\t><\/iframe>\n\t\t<\/div>\n\t\t\t\t\t\t<\/div>\n\t\t\t\t<\/div>\n\t\t\t\t<\/div>\n\t\t\t\t<\/div>\n\t\t","protected":false},"excerpt":{"rendered":"<p>Home Contact Us Our office 7759 15th Ave NW Phone number 012-3456-789 Email info@plastheme.com Fax 012-3456-789 Contact Us Lorem ipsum dolor sit amet, consectetur adipiscing elit, sed do eiusmod tempor incididunt ut labore et dolore magna aliqua.<\/p>\n","protected":false},"author":1,"featured_media":0,"parent":0,"menu_order":0,"comment_status":"closed","ping_status":"closed","template":"elementor_header_footer","meta":{"footnotes":""},"class_list":["post-1097","page","type-page","status-publish","hentry"],"yoast_head":"<!-- This site is optimized with the Yoast SEO plugin v24.8.1 - https:\/\/yoast.com\/wordpress\/plugins\/seo\/ -->\n<title>Contact Us - Grupo Envases La Econ\u00f3mica<\/title>\n<meta name=\"robots\" content=\"index, follow, max-snippet:-1, max-image-preview:large, max-video-preview:-1\" \/>\n<link rel=\"canonical\" href=\"https:\/\/www.katalejo.com\/index.php\/contact-us\/\" \/>\n<meta property=\"og:locale\" content=\"es_MX\" \/>\n<meta property=\"og:type\" content=\"article\" \/>\n<meta property=\"og:title\" content=\"Contact Us - Grupo Envases La Econ\u00f3mica\" \/>\n<meta property=\"og:description\" content=\"Home Contact Us Our office 7759 15th Ave NW Phone number 012-3456-789 Email info@plastheme.com Fax 012-3456-789 Contact Us Lorem ipsum dolor sit amet, consectetur adipiscing elit, sed do eiusmod tempor incididunt ut labore et dolore magna aliqua.\" \/>\n<meta property=\"og:url\" content=\"https:\/\/www.katalejo.com\/index.php\/contact-us\/\" \/>\n<meta property=\"og:site_name\" content=\"Grupo Envases La Econ\u00f3mica\" \/>\n<meta name=\"twitter:card\" content=\"summary_large_image\" \/>\n<meta name=\"twitter:label1\" content=\"Tiempo de lectura\" \/>\n\t<meta name=\"twitter:data1\" content=\"1 minuto\" \/>\n<script type=\"application\/ld+json\" class=\"yoast-schema-graph\">{\"@context\":\"https:\/\/schema.org\",\"@graph\":[{\"@type\":\"WebPage\",\"@id\":\"https:\/\/www.katalejo.com\/index.php\/contact-us\/\",\"url\":\"https:\/\/www.katalejo.com\/index.php\/contact-us\/\",\"name\":\"Contact Us - Grupo Envases La Econ\u00f3mica\",\"isPartOf\":{\"@id\":\"https:\/\/www.katalejo.com\/#website\"},\"datePublished\":\"2024-02-25T17:24:23+00:00\",\"breadcrumb\":{\"@id\":\"https:\/\/www.katalejo.com\/index.php\/contact-us\/#breadcrumb\"},\"inLanguage\":\"es\",\"potentialAction\":[{\"@type\":\"ReadAction\",\"target\":[\"https:\/\/www.katalejo.com\/index.php\/contact-us\/\"]}]},{\"@type\":\"BreadcrumbList\",\"@id\":\"https:\/\/www.katalejo.com\/index.php\/contact-us\/#breadcrumb\",\"itemListElement\":[{\"@type\":\"ListItem\",\"position\":1,\"name\":\"Home\",\"item\":\"https:\/\/katalejo.com\/\"},{\"@type\":\"ListItem\",\"position\":2,\"name\":\"Contact Us\"}]},{\"@type\":\"WebSite\",\"@id\":\"https:\/\/www.katalejo.com\/#website\",\"url\":\"https:\/\/www.katalejo.com\/\",\"name\":\"Grupo Envases La Econ\u00f3mica\",\"description\":\"Fabricaci\u00f3n y comercializaci\u00f3n de envases pl\u00e1sticos\",\"potentialAction\":[{\"@type\":\"SearchAction\",\"target\":{\"@type\":\"EntryPoint\",\"urlTemplate\":\"https:\/\/www.katalejo.com\/?s={search_term_string}\"},\"query-input\":{\"@type\":\"PropertyValueSpecification\",\"valueRequired\":true,\"valueName\":\"search_term_string\"}}],\"inLanguage\":\"es\"}]}<\/script>\n<!-- \/ Yoast SEO plugin. -->","yoast_head_json":{"title":"Contact Us - Grupo Envases La Econ\u00f3mica","robots":{"index":"index","follow":"follow","max-snippet":"max-snippet:-1","max-image-preview":"max-image-preview:large","max-video-preview":"max-video-preview:-1"},"canonical":"https:\/\/www.katalejo.com\/index.php\/contact-us\/","og_locale":"es_MX","og_type":"article","og_title":"Contact Us - Grupo Envases La Econ\u00f3mica","og_description":"Home Contact Us Our office 7759 15th Ave NW Phone number 012-3456-789 Email info@plastheme.com Fax 012-3456-789 Contact Us Lorem ipsum dolor sit amet, consectetur adipiscing elit, sed do eiusmod tempor incididunt ut labore et dolore magna aliqua.","og_url":"https:\/\/www.katalejo.com\/index.php\/contact-us\/","og_site_name":"Grupo Envases La Econ\u00f3mica","twitter_card":"summary_large_image","twitter_misc":{"Tiempo de lectura":"1 minuto"},"schema":{"@context":"https:\/\/schema.org","@graph":[{"@type":"WebPage","@id":"https:\/\/www.katalejo.com\/index.php\/contact-us\/","url":"https:\/\/www.katalejo.com\/index.php\/contact-us\/","name":"Contact Us - Grupo Envases La Econ\u00f3mica","isPartOf":{"@id":"https:\/\/www.katalejo.com\/#website"},"datePublished":"2024-02-25T17:24:23+00:00","breadcrumb":{"@id":"https:\/\/www.katalejo.com\/index.php\/contact-us\/#breadcrumb"},"inLanguage":"es","potentialAction":[{"@type":"ReadAction","target":["https:\/\/www.katalejo.com\/index.php\/contact-us\/"]}]},{"@type":"BreadcrumbList","@id":"https:\/\/www.katalejo.com\/index.php\/contact-us\/#breadcrumb","itemListElement":[{"@type":"ListItem","position":1,"name":"Home","item":"https:\/\/katalejo.com\/"},{"@type":"ListItem","position":2,"name":"Contact Us"}]},{"@type":"WebSite","@id":"https:\/\/www.katalejo.com\/#website","url":"https:\/\/www.katalejo.com\/","name":"Grupo Envases La Econ\u00f3mica","description":"Fabricaci\u00f3n y comercializaci\u00f3n de envases pl\u00e1sticos","potentialAction":[{"@type":"SearchAction","target":{"@type":"EntryPoint","urlTemplate":"https:\/\/www.katalejo.com\/?s={search_term_string}"},"query-input":{"@type":"PropertyValueSpecification","valueRequired":true,"valueName":"search_term_string"}}],"inLanguage":"es"}]}},"_links":{"self":[{"href":"https:\/\/katalejo.com\/index.php\/wp-json\/wp\/v2\/pages\/1097","targetHints":{"allow":["GET"]}}],"collection":[{"href":"https:\/\/katalejo.com\/index.php\/wp-json\/wp\/v2\/pages"}],"about":[{"href":"https:\/\/katalejo.com\/index.php\/wp-json\/wp\/v2\/types\/page"}],"author":[{"embeddable":true,"href":"https:\/\/katalejo.com\/index.php\/wp-json\/wp\/v2\/users\/1"}],"replies":[{"embeddable":true,"href":"https:\/\/katalejo.com\/index.php\/wp-json\/wp\/v2\/comments?post=1097"}],"version-history":[{"count":0,"href":"https:\/\/katalejo.com\/index.php\/wp-json\/wp\/v2\/pages\/1097\/revisions"}],"wp:attachment":[{"href":"https:\/\/katalejo.com\/index.php\/wp-json\/wp\/v2\/media?parent=1097"}],"curies":[{"name":"wp","href":"https:\/\/api.w.org\/{rel}","templated":true}]}}